{"id":94,"date":"2024-11-17T13:09:04","date_gmt":"2024-11-17T18:09:04","guid":{"rendered":"https:\/\/francotoolbox.ca\/english\/?page_id=94"},"modified":"2025-03-28T22:05:33","modified_gmt":"2025-03-29T02:05:33","slug":"94-2","status":"publish","type":"page","link":"https:\/\/francotoolbox.ca\/english\/","title":{"rendered":"Home"},"content":{"rendered":"\t\t<div data-elementor-type=\"wp-page\" data-elementor-id=\"94\" class=\"elementor elementor-94\">\n\t\t\t\t<div class=\"elementor-element elementor-element-2697ed14 e-flex e-con-boxed e-con e-parent\" data-id=\"2697ed14\" data-element_type=\"container\" data-e-type=\"container\">\n\t\t\t\t\t<div class=\"e-con-inner\">\n\t\t\t\t<div class=\"elementor-element elementor-element-54cfa9b bdt-background-overlay-yes elementor-widget elementor-widget-heading\" data-id=\"54cfa9b\" data-element_type=\"widget\" data-e-type=\"widget\" data-widget_type=\"heading.default\">\n\t\t\t\t<div class=\"elementor-widget-container\">\n\t\t\t\t\t<h2 class=\"elementor-heading-title elementor-size-default\">Greater Saint John\u2019s Toolbox to French language for your kids!<\/h2>\t\t\t\t<\/div>\n\t\t\t\t<\/div>\n\t\t<div class=\"elementor-element elementor-element-259d133 e-con-full e-flex e-con e-child\" data-id=\"259d133\" data-element_type=\"container\" data-e-type=\"container\">\n\t\t<div class=\"elementor-element elementor-element-bfe00e5 e-grid e-con-full e-con e-child\" data-id=\"bfe00e5\" data-element_type=\"container\" data-e-type=\"container\">\n\t\t\t\t<div class=\"elementor-element elementor-element-28d0c11 elementor-widget elementor-widget-heading\" data-id=\"28d0c11\" data-element_type=\"widget\" data-e-type=\"widget\" data-widget_type=\"heading.default\">\n\t\t\t\t<div class=\"elementor-widget-container\">\n\t\t\t\t\t<h2 class=\"elementor-heading-title elementor-size-default\">Why French for your kids ?<\/h2>\t\t\t\t<\/div>\n\t\t\t\t<\/div>\n\t\t\t\t<div class=\"elementor-element elementor-element-98f09d4 elementor-widget elementor-widget-video\" data-id=\"98f09d4\" data-element_type=\"widget\" data-e-type=\"widget\" data-settings=\"{&quot;youtube_url&quot;:&quot;https:\\\/\\\/www.youtube.com\\\/watch?v=Qe_oUMIycUs&quot;,&quot;video_type&quot;:&quot;youtube&quot;,&quot;controls&quot;:&quot;yes&quot;}\" data-widget_type=\"video.default\">\n\t\t\t\t<div class=\"elementor-widget-container\">\n\t\t\t\t\t\t\t<div class=\"elementor-wrapper elementor-open-inline\">\n\t\t\t<div class=\"elementor-video\"><\/div>\t\t<\/div>\n\t\t\t\t\t\t<\/div>\n\t\t\t\t<\/div>\n\t\t\t\t<\/div>\n\t\t<div class=\"elementor-element elementor-element-62b9dfd e-grid e-con-full e-con e-child\" data-id=\"62b9dfd\" data-element_type=\"container\" data-e-type=\"container\">\n\t\t\t\t<div class=\"elementor-element elementor-element-3922b17 elementor-widget elementor-widget-heading\" data-id=\"3922b17\" data-element_type=\"widget\" data-e-type=\"widget\" data-widget_type=\"heading.default\">\n\t\t\t\t<div class=\"elementor-widget-container\">\n\t\t\t\t\t<h2 class=\"elementor-heading-title elementor-size-default\">You don\u2019t speak French ?<br>\nSee how you can help !<\/h2>\t\t\t\t<\/div>\n\t\t\t\t<\/div>\n\t\t\t\t<div class=\"elementor-element elementor-element-44d5775 elementor-widget elementor-widget-video\" data-id=\"44d5775\" data-element_type=\"widget\" data-e-type=\"widget\" data-settings=\"{&quot;youtube_url&quot;:&quot;https:\\\/\\\/www.youtube.com\\\/watch?v=df1B4HLZ3qI&quot;,&quot;video_type&quot;:&quot;youtube&quot;,&quot;controls&quot;:&quot;yes&quot;}\" data-widget_type=\"video.default\">\n\t\t\t\t<div class=\"elementor-widget-container\">\n\t\t\t\t\t\t\t<div class=\"elementor-wrapper elementor-open-inline\">\n\t\t\t<div class=\"elementor-video\"><\/div>\t\t<\/div>\n\t\t\t\t\t\t<\/div>\n\t\t\t\t<\/div>\n\t\t\t\t<\/div>\n\t\t\t\t<\/div>\n\t\t<div class=\"elementor-element elementor-element-05bd782 e-con-full e-flex e-con e-child\" data-id=\"05bd782\" data-element_type=\"container\" data-e-type=\"container\">\n\t\t<div class=\"elementor-element elementor-element-2c1d711 e-grid e-con-full e-con e-child\" data-id=\"2c1d711\" data-element_type=\"container\" data-e-type=\"container\">\n\t\t\t\t<div class=\"elementor-element elementor-element-fc7365d elementor-widget elementor-widget-image\" data-id=\"fc7365d\" data-element_type=\"widget\" data-e-type=\"widget\" data-widget_type=\"image.default\">\n\t\t\t\t<div class=\"elementor-widget-container\">\n\t\t\t\t\t\t\t\t\t\t\t\t\t\t\t\t<a href=\"https:\/\/www.petiteenfancesj.ca\/petite-enfance\/petite-enfance-a-saint-jean\/\" target=\"_blank\">\n\t\t\t\t\t\t\t<img fetchpriority=\"high\" decoding=\"async\" width=\"300\" height=\"300\" src=\"https:\/\/francotoolbox.ca\/english\/wp-content\/uploads\/sites\/5\/2024\/11\/Francotoolbox-300x300.png\" class=\"attachment-medium size-medium wp-image-89\" alt=\"\" srcset=\"https:\/\/francotoolbox.ca\/english\/wp-content\/uploads\/sites\/5\/2024\/11\/Francotoolbox-300x300.png 300w, https:\/\/francotoolbox.ca\/english\/wp-content\/uploads\/sites\/5\/2024\/11\/Francotoolbox-150x150.png 150w, https:\/\/francotoolbox.ca\/english\/wp-content\/uploads\/sites\/5\/2024\/11\/Francotoolbox-768x768.png 768w, https:\/\/francotoolbox.ca\/english\/wp-content\/uploads\/sites\/5\/2024\/11\/Francotoolbox-600x600.png 600w, https:\/\/francotoolbox.ca\/english\/wp-content\/uploads\/sites\/5\/2024\/11\/Francotoolbox-350x350.png 350w, https:\/\/francotoolbox.ca\/english\/wp-content\/uploads\/sites\/5\/2024\/11\/Francotoolbox.png 800w\" sizes=\"(max-width: 300px) 100vw, 300px\" \/>\t\t\t\t\t\t\t\t<\/a>\n\t\t\t\t\t\t\t\t\t\t\t\t\t\t\t<\/div>\n\t\t\t\t<\/div>\n\t\t\t\t<div class=\"elementor-element elementor-element-f421156 elementor-widget elementor-widget-image\" data-id=\"f421156\" data-element_type=\"widget\" data-e-type=\"widget\" data-widget_type=\"image.default\">\n\t\t\t\t<div class=\"elementor-widget-container\">\n\t\t\t\t\t\t\t\t\t\t\t\t\t\t\t\t<a href=\"https:\/\/www.calameo.com\/saintjeannois\/read\/00678306934231a280973\" target=\"_blank\">\n\t\t\t\t\t\t\t<img fetchpriority=\"high\" decoding=\"async\" width=\"300\" height=\"300\" src=\"https:\/\/francotoolbox.ca\/english\/wp-content\/uploads\/sites\/5\/2024\/11\/Francotoolbox-300x300.png\" class=\"attachment-medium size-medium wp-image-89\" alt=\"\" srcset=\"https:\/\/francotoolbox.ca\/english\/wp-content\/uploads\/sites\/5\/2024\/11\/Francotoolbox-300x300.png 300w, https:\/\/francotoolbox.ca\/english\/wp-content\/uploads\/sites\/5\/2024\/11\/Francotoolbox-150x150.png 150w, https:\/\/francotoolbox.ca\/english\/wp-content\/uploads\/sites\/5\/2024\/11\/Francotoolbox-768x768.png 768w, https:\/\/francotoolbox.ca\/english\/wp-content\/uploads\/sites\/5\/2024\/11\/Francotoolbox-600x600.png 600w, https:\/\/francotoolbox.ca\/english\/wp-content\/uploads\/sites\/5\/2024\/11\/Francotoolbox-350x350.png 350w, https:\/\/francotoolbox.ca\/english\/wp-content\/uploads\/sites\/5\/2024\/11\/Francotoolbox.png 800w\" sizes=\"(max-width: 300px) 100vw, 300px\" \/>\t\t\t\t\t\t\t\t<\/a>\n\t\t\t\t\t\t\t\t\t\t\t\t\t\t\t<\/div>\n\t\t\t\t<\/div>\n\t\t\t\t<\/div>\n\t\t<div class=\"elementor-element elementor-element-bb79f69 e-grid e-con-full e-con e-child\" data-id=\"bb79f69\" data-element_type=\"container\" data-e-type=\"container\">\n\t\t\t\t<div class=\"elementor-element elementor-element-be5872f elementor-widget elementor-widget-heading\" data-id=\"be5872f\" data-element_type=\"widget\" data-e-type=\"widget\" data-widget_type=\"heading.default\">\n\t\t\t\t<div class=\"elementor-widget-container\">\n\t\t\t\t\t<h2 class=\"elementor-heading-title elementor-size-default\">Preschool TOOLS<\/h2>\t\t\t\t<\/div>\n\t\t\t\t<\/div>\n\t\t\t\t<div class=\"elementor-element elementor-element-ce62c3e elementor-widget elementor-widget-heading\" data-id=\"ce62c3e\" data-element_type=\"widget\" data-e-type=\"widget\" data-widget_type=\"heading.default\">\n\t\t\t\t<div class=\"elementor-widget-container\">\n\t\t\t\t\t<h2 class=\"elementor-heading-title elementor-size-default\"><a href=\"https:\/\/www.calameo.com\/saintjeannois\/read\/00678306934231a280973\" target=\"_blank\">School TOOLS<\/a><\/h2>\t\t\t\t<\/div>\n\t\t\t\t<\/div>\n\t\t\t\t<\/div>\n\t\t\t\t<\/div>\n\t\t<div class=\"elementor-element elementor-element-3c394ec e-con-full e-flex e-con e-child\" data-id=\"3c394ec\" data-element_type=\"container\" data-e-type=\"container\">\n\t\t\t\t<div class=\"elementor-element elementor-element-c179c31 elementor-widget elementor-widget-text-editor\" data-id=\"c179c31\" data-element_type=\"widget\" data-e-type=\"widget\" data-widget_type=\"text-editor.default\">\n\t\t\t\t<div class=\"elementor-widget-container\">\n\t\t\t\t\t\t\t\t\t<h3>Comptines et Chansons (Fran\u00e7ais)<\/h3><ul data-icon=\"\"><li class=\"simple\"><i class=\"moon-music\"><\/i><a href=\"https:\/\/ici.radio-canada.ca\/jeunesse\/prescolaire\/emissions\/5613\/comptines\/contenu\/videos\/accueil\" target=\"_blank\" rel=\"noopener\">Videos | Comptines | ICI Radio-Canada.ca Jeunesse<\/a><\/li><li class=\"simple\"><i class=\"moon-music\"><\/i><a href=\"https:\/\/www.youtube.com\/playlist?list=PLjUH645t2otO_GP2L1AQEjh9diSm9KwT5\" target=\"_blank\" rel=\"noopener\">Comptines et chansons Didier Jeunesse &#8211; YouTube<\/a><\/li><li class=\"simple\"><i class=\"moon-music\"><\/i><a href=\"https:\/\/coucou.telequebec.tv\/chansons\" target=\"_blank\" rel=\"noopener\">Coucou | Chansons<\/a><\/li><\/ul><h3>Books &amp; stories<\/h3><ul><li class=\"simple\"><i class=\"steadysets-icon-book2\"><\/i><a href=\"https:\/\/educharlevoix.ca\/bibliotheque\/categories\/livre-audio-niveau-1-familiarisation\/\" target=\"_blank\" rel=\"noopener\">Livre audio niveau 1 (Familiarisation) Archives &#8211; Biblioth\u00e8que scolaire<\/a>\u00a0 (Interractive &amp; narrated books in french)<\/li><li><i class=\"steadysets-icon-book2\"><\/i><a href=\"https:\/\/www.youtube.com\/watch?v=SkUAHSCoO70\" target=\"_blank\" rel=\"noopener\">Que la vie est belle ! &#8211; Histoire pour enfants &#8211; Dok\u00e9o TV<\/a>\u00a0 (Narrated book in French)<\/li><li><i class=\"steadysets-icon-book2\"><\/i><a href=\"https:\/\/www.biboche.ca\/livres-a-decouvrir\/heure-du-conte\/\" target=\"_blank\" rel=\"noopener\">Club du Rat Biboche Heure du conte<\/a>\u00a0 (Videos of narrated books in French)<\/li><li><i class=\"steadysets-icon-book2\"><\/i><a href=\"https:\/\/www.flammarion-jeunesse.fr\/Actualites\/Les-Histoires-du-Pere-Castor-a-ecouter\" target=\"_blank\" rel=\"noopener\">Les Histoires du P\u00e8re Castor \u00e0 \u00e9couter &#8211; Actualit\u00e9 &#8211; Editions Flammarion Jeunesse<\/a><\/li><\/ul><h3>Videos<\/h3><ul><li class=\"simple\"><i class=\"linecon-icon-video\"><\/i><a href=\"https:\/\/youtitou.com\/pages\/videos-educatives-pour-enfants-de-4-a-6-ans.html\" target=\"_blank\" rel=\"noopener\">Dessins anim\u00e9s \u00e9ducatifs pour enfants de 4 \u00e0 6 ans : Narrated &amp; learning videos in French<\/a><\/li><\/ul><h3>Others<\/h3><ul><li><a href=\"https:\/\/123petitspas.ac-page.com\/FreeFrenchGuide?fbclid=IwAR3S2wRyEVJ4H3YFmz1bQ5GTppyrywztQBdInEkARjnrth9dadS8AGvfOCM_aem_AeB-N81UvkFiSp1KIRDC1TSSAYi_klG0rfJnmoksDVQnYH3ZGNrWec3R3-vk6BfrtWJBxvd10i009rHV7rCVxUgG\" target=\"_blank\" rel=\"noopener\">Free French Guide for Parents<\/a> \u00a0(English) :\u00a0 Free PDF guide + tools<\/li><\/ul>\t\t\t\t\t\t\t\t<\/div>\n\t\t\t\t<\/div>\n\t\t\t\t<\/div>\n\t\t<div class=\"elementor-element elementor-element-714b104 e-con-full e-flex e-con e-child\" data-id=\"714b104\" data-element_type=\"container\" data-e-type=\"container\" data-settings=\"{&quot;background_background&quot;:&quot;classic&quot;}\">\n\t\t<div class=\"elementor-element elementor-element-49df7ef e-grid e-con-full e-con e-child\" data-id=\"49df7ef\" data-element_type=\"container\" data-e-type=\"container\">\n\t\t\t\t<div class=\"elementor-element elementor-element-fdf6add elementor-widget elementor-widget-image\" data-id=\"fdf6add\" data-element_type=\"widget\" data-e-type=\"widget\" data-widget_type=\"image.default\">\n\t\t\t\t<div class=\"elementor-widget-container\">\n\t\t\t\t\t\t\t\t\t\t\t\t\t\t\t<img decoding=\"async\" width=\"768\" height=\"367\" src=\"https:\/\/francotoolbox.ca\/english\/wp-content\/uploads\/sites\/5\/2025\/03\/Enfants-768x367.jpg\" class=\"attachment-medium_large size-medium_large wp-image-164\" alt=\"\" srcset=\"https:\/\/francotoolbox.ca\/english\/wp-content\/uploads\/sites\/5\/2025\/03\/Enfants-768x367.jpg 768w, https:\/\/francotoolbox.ca\/english\/wp-content\/uploads\/sites\/5\/2025\/03\/Enfants-300x143.jpg 300w, https:\/\/francotoolbox.ca\/english\/wp-content\/uploads\/sites\/5\/2025\/03\/Enfants-1024x490.jpg 1024w, https:\/\/francotoolbox.ca\/english\/wp-content\/uploads\/sites\/5\/2025\/03\/Enfants-1536x734.jpg 1536w, https:\/\/francotoolbox.ca\/english\/wp-content\/uploads\/sites\/5\/2025\/03\/Enfants-2048x979.jpg 2048w\" sizes=\"(max-width: 768px) 100vw, 768px\" \/>\t\t\t\t\t\t\t\t\t\t\t\t\t\t\t<\/div>\n\t\t\t\t<\/div>\n\t\t\t\t<div class=\"elementor-element elementor-element-1bed515 elementor-widget elementor-widget-image\" data-id=\"1bed515\" data-element_type=\"widget\" data-e-type=\"widget\" data-widget_type=\"image.default\">\n\t\t\t\t<div class=\"elementor-widget-container\">\n\t\t\t\t\t\t\t\t\t\t\t\t\t\t\t<img decoding=\"async\" width=\"240\" height=\"300\" src=\"https:\/\/francotoolbox.ca\/english\/wp-content\/uploads\/sites\/5\/2025\/03\/PubSurvey-Moving-240x300.gif\" class=\"attachment-medium size-medium wp-image-166\" alt=\"\" \/>\t\t\t\t\t\t\t\t\t\t\t\t\t\t\t<\/div>\n\t\t\t\t<\/div>\n\t\t\t\t<\/div>\n\t\t\t\t<div class=\"elementor-element elementor-element-ede0a81 elementor-widget elementor-widget-heading\" data-id=\"ede0a81\" data-element_type=\"widget\" data-e-type=\"widget\" data-widget_type=\"heading.default\">\n\t\t\t\t<div class=\"elementor-widget-container\">\n\t\t\t\t\t<h2 class=\"elementor-heading-title elementor-size-default\">The tools parents needs to help their kids learn and succeed in French\n<\/h2>\t\t\t\t<\/div>\n\t\t\t\t<\/div>\n\t\t<div class=\"elementor-element elementor-element-4e422b1 e-grid e-con-full e-con e-child\" data-id=\"4e422b1\" data-element_type=\"container\" data-e-type=\"container\">\n\t\t<div class=\"elementor-element elementor-element-c9dfa01 e-grid e-con-full e-con e-child\" data-id=\"c9dfa01\" data-element_type=\"container\" data-e-type=\"container\">\n\t\t\t\t<div class=\"elementor-element elementor-element-d33774a elementor-widget elementor-widget-image\" data-id=\"d33774a\" data-element_type=\"widget\" data-e-type=\"widget\" data-widget_type=\"image.default\">\n\t\t\t\t<div class=\"elementor-widget-container\">\n\t\t\t\t\t\t\t\t\t\t\t\t\t\t\t<img loading=\"lazy\" decoding=\"async\" width=\"940\" height=\"313\" src=\"https:\/\/francotoolbox.ca\/english\/wp-content\/uploads\/sites\/5\/2025\/03\/newsletter-1024x341.png\" class=\"attachment-large size-large wp-image-168\" alt=\"\" srcset=\"https:\/\/francotoolbox.ca\/english\/wp-content\/uploads\/sites\/5\/2025\/03\/newsletter-1024x341.png 1024w, https:\/\/francotoolbox.ca\/english\/wp-content\/uploads\/sites\/5\/2025\/03\/newsletter-300x100.png 300w, https:\/\/francotoolbox.ca\/english\/wp-content\/uploads\/sites\/5\/2025\/03\/newsletter-768x256.png 768w, https:\/\/francotoolbox.ca\/english\/wp-content\/uploads\/sites\/5\/2025\/03\/newsletter-1536x512.png 1536w, https:\/\/francotoolbox.ca\/english\/wp-content\/uploads\/sites\/5\/2025\/03\/newsletter.png 1800w\" sizes=\"(max-width: 940px) 100vw, 940px\" \/>\t\t\t\t\t\t\t\t\t\t\t\t\t\t\t<\/div>\n\t\t\t\t<\/div>\n\t\t\t\t<div class=\"elementor-element elementor-element-333d685 elementor-widget elementor-widget-image\" data-id=\"333d685\" data-element_type=\"widget\" data-e-type=\"widget\" data-widget_type=\"image.default\">\n\t\t\t\t<div class=\"elementor-widget-container\">\n\t\t\t\t\t\t\t\t\t\t\t\t\t\t\t<img loading=\"lazy\" decoding=\"async\" width=\"940\" height=\"313\" src=\"https:\/\/francotoolbox.ca\/english\/wp-content\/uploads\/sites\/5\/2025\/03\/Daycare-1024x341.png\" class=\"attachment-large size-large wp-image-170\" alt=\"\" srcset=\"https:\/\/francotoolbox.ca\/english\/wp-content\/uploads\/sites\/5\/2025\/03\/Daycare-1024x341.png 1024w, https:\/\/francotoolbox.ca\/english\/wp-content\/uploads\/sites\/5\/2025\/03\/Daycare-300x100.png 300w, https:\/\/francotoolbox.ca\/english\/wp-content\/uploads\/sites\/5\/2025\/03\/Daycare-768x256.png 768w, https:\/\/francotoolbox.ca\/english\/wp-content\/uploads\/sites\/5\/2025\/03\/Daycare-1536x512.png 1536w, https:\/\/francotoolbox.ca\/english\/wp-content\/uploads\/sites\/5\/2025\/03\/Daycare.png 1800w\" sizes=\"(max-width: 940px) 100vw, 940px\" \/>\t\t\t\t\t\t\t\t\t\t\t\t\t\t\t<\/div>\n\t\t\t\t<\/div>\n\t\t\t\t<\/div>\n\t\t\t\t<div class=\"elementor-element elementor-element-87a330c elementor-widget elementor-widget-text-editor\" data-id=\"87a330c\" data-element_type=\"widget\" data-e-type=\"widget\" data-widget_type=\"text-editor.default\">\n\t\t\t\t<div class=\"elementor-widget-container\">\n\t\t\t\t\t\t\t\t\t<p><span style=\"color: #444444; font-size: 16px; font-weight: 600; text-align: center;\">Free French playgroups and activities<\/span><\/p>\t\t\t\t\t\t\t\t<\/div>\n\t\t\t\t<\/div>\n\t\t\t\t<\/div>\n\t\t<div class=\"elementor-element elementor-element-d7f97d7 e-con-full e-flex e-con e-child\" data-id=\"d7f97d7\" data-element_type=\"container\" data-e-type=\"container\">\n\t\t\t\t<div class=\"elementor-element elementor-element-ef08d23 elementor-widget elementor-widget-text-editor\" data-id=\"ef08d23\" data-element_type=\"widget\" data-e-type=\"widget\" data-widget_type=\"text-editor.default\">\n\t\t\t\t<div class=\"elementor-widget-container\">\n\t\t\t\t\t\t\t\t\t<h3 class=\"wp-block-heading has-text-align-center\">Thanks to ARCf\u2019s (ARCF.ca) partners : GACEF and \u00c9cole Samuel-de-Champain<\/h3>\t\t\t\t\t\t\t\t<\/div>\n\t\t\t\t<\/div>\n\t\t\t\t<\/div>\n\t\t\t\t<\/div>\n\t\t\t\t\t<\/div>\n\t\t\t\t<\/div>\n\t\t\t\t<\/div>\n\t\t","protected":false},"excerpt":{"rendered":"<p>Greater Saint John\u2019s Toolbox to French language for your kids! Why French for your kids ? You don\u2019t speak French ? See how you can help ! Preschool TOOLS School TOOLS Comptines et Chansons (Fran\u00e7ais) Videos | Comptines | ICI Radio-Canada.ca Jeunesse Comptines et chansons Didier Jeunesse &#8211; YouTube Coucou | Chansons Books &amp; stories [&hellip;]<\/p>\n","protected":false},"author":1,"featured_media":0,"parent":0,"menu_order":0,"comment_status":"closed","ping_status":"closed","template":"","meta":{"footnotes":""},"class_list":["post-94","page","type-page","status-publish","hentry"],"_links":{"self":[{"href":"https:\/\/francotoolbox.ca\/english\/wp-json\/wp\/v2\/pages\/94","targetHints":{"allow":["GET"]}}],"collection":[{"href":"https:\/\/francotoolbox.ca\/english\/wp-json\/wp\/v2\/pages"}],"about":[{"href":"https:\/\/francotoolbox.ca\/english\/wp-json\/wp\/v2\/types\/page"}],"author":[{"embeddable":true,"href":"https:\/\/francotoolbox.ca\/english\/wp-json\/wp\/v2\/users\/1"}],"replies":[{"embeddable":true,"href":"https:\/\/francotoolbox.ca\/english\/wp-json\/wp\/v2\/comments?post=94"}],"version-history":[{"count":68,"href":"https:\/\/francotoolbox.ca\/english\/wp-json\/wp\/v2\/pages\/94\/revisions"}],"predecessor-version":[{"id":200,"href":"https:\/\/francotoolbox.ca\/english\/wp-json\/wp\/v2\/pages\/94\/revisions\/200"}],"wp:attachment":[{"href":"https:\/\/francotoolbox.ca\/english\/wp-json\/wp\/v2\/media?parent=94"}],"curies":[{"name":"wp","href":"https:\/\/api.w.org\/{rel}","templated":true}]}}